{"id":406,"date":"2016-09-27T09:51:22","date_gmt":"2016-09-27T09:51:22","guid":{"rendered":"http:\/\/fitness2.mythemecloud.io\/?page_id=406"},"modified":"2026-02-23T16:40:29","modified_gmt":"2026-02-23T16:40:29","slug":"studio","status":"publish","type":"page","link":"https:\/\/minkreativefamilie.dk\/?page_id=406","title":{"rendered":"Hvem er vi."},"content":{"rendered":"<p>&nbsp;<\/p>\n<div class=\"xdj266r x14z9mp xat24cr x1lziwak x1vvkbs x126k92a\">\n<h1 dir=\"auto\">Hej og velkommen til Min kreative familie.<\/h1>\n<p>&nbsp;<\/p>\n<div dir=\"auto\"><img loading=\"lazy\" decoding=\"async\" class=\"wp-image-1094 alignleft\" src=\"https:\/\/minkreativefamilie.dk\/wp-content\/uploads\/2026\/02\/20250922_101614-300x225.jpg\" alt=\"\" width=\"294\" height=\"220\" srcset=\"https:\/\/minkreativefamilie.dk\/wp-content\/uploads\/2026\/02\/20250922_101614-300x225.jpg 300w, https:\/\/minkreativefamilie.dk\/wp-content\/uploads\/2026\/02\/20250922_101614-1024x768.jpg 1024w, https:\/\/minkreativefamilie.dk\/wp-content\/uploads\/2026\/02\/20250922_101614-768x576.jpg 768w, https:\/\/minkreativefamilie.dk\/wp-content\/uploads\/2026\/02\/20250922_101614-1536x1152.jpg 1536w, https:\/\/minkreativefamilie.dk\/wp-content\/uploads\/2026\/02\/20250922_101614-2048x1536.jpg 2048w\" sizes=\"auto, (max-width: 294px) 100vw, 294px\" \/><\/div>\n<\/div>\n<div class=\"x14z9mp xat24cr x1lziwak x1vvkbs xtlvy1s x126k92a\">\n<div dir=\"auto\">Jeg hedder Tina \u2013 og har altid elsket at skabe ting med mine h\u00e6nder. Lige s\u00e5 l\u00e6nge jeg kan huske har jeg altid haft kreative projekter. De kreative projekter har varieret meget, strikke, sy, klippe, scrappe, dekorer, restaurere osv.<\/div>\n<\/div>\n<div class=\"x14z9mp xat24cr x1lziwak x1vvkbs xtlvy1s x126k92a\">\n<div dir=\"auto\">Da jeg blev mor for godt 18 \u00e5r siden, blev det kreative noget jeg begyndte at dele med mine b\u00f8rn s\u00e5 hurtigt de kunne v\u00e6re med. Min datter og jeg lavede sm\u00e5 projekter og byggede slotte og fantasidyr, vi skabte hyggelige stunder med dette og undervejs udviklede det sig bredere. Da lille s\u00f8ster kom til udvidede hun vores kreative tanker med eksperimenter og at bruge det kreative p\u00e5 andre m\u00e5der. S\u00e5 kom lille bror og han \u00f8nskede at v\u00e6re kreativ p\u00e5 sin m\u00e5de og s\u00e5dan har vi v\u00e6ret vidt omkring i det kreative univers og i takt med de bliver \u00e6ldre udvider det sig kun mere hele tiden.<\/div>\n<\/div>\n<div class=\"x14z9mp xat24cr x1lziwak x1vvkbs xtlvy1s x126k92a\">\n<div dir=\"auto\">Jeg er uddannet p\u00e6dagog og har hele mit arbejdsliv arbejdet med mennesker, ofte mennesker der har brug for ekstra st\u00f8tte i livet. I en periode arbejde jeg som v\u00e6rksteds ansvarlig p\u00e5 et kreativt v\u00e6rksted for mennesker i beskyttet besk\u00e6ftigelse. Her skabte vi produkter til salg i butikken, men med udgangspunkt i borgernes kompetencer og interesse. Det var fantastisk at se mennesker vokse og finde ro i det kreative arbejde og processerne i skabelsen.<\/div>\n<div dir=\"auto\">Jeg har en efteruddannelse i metakognitiv tilgang og jeg oplever, at det kreative og det mentale velv\u00e6re h\u00e6nger sammen. H\u00e5ndv\u00e6rk og h\u00e5ndarbejde kan noget s\u00e6rligt og der sker noget godt for og krop og sind n\u00e5r man sidder og fordyber sig sammen med andre.<\/div>\n<\/div>\n<div class=\"x14z9mp xat24cr x1lziwak x1vvkbs xtlvy1s x126k92a\">\n<div dir=\"auto\">Derfor \u00f8nsker jeg at dele de kreative processer og fordybelsen med andre. Og vil derfor tilbyde forskellige hold, hvor der skal udforskes i kreativitet og dens processer hos dem der vil v\u00e6re med.<\/div>\n<div dir=\"auto\">Jeg har fundet p\u00e5 et par hold, men man er ogs\u00e5 velkommen til at tage fat i mig hvis man har andre \u00f8nsker s\u00e5 kan vi se om vi kan udforske det.<\/div>\n<div dir=\"auto\">Jeg gl\u00e6der mig til at dykke ned i det kreative med dig.<\/div>\n<div dir=\"auto\">Hilsen Tina<\/div>\n<\/div>\n","protected":false},"excerpt":{"rendered":"<p>&nbsp; Hej og velkommen til Min kreative familie. &nbsp; Jeg hedder Tina \u2013 og har altid elsket at skabe ting med mine h\u00e6nder. Lige s\u00e5 l\u00e6nge jeg kan huske har jeg altid haft kreative projekter. De kreative projekter har varieret meget, strikke, sy, klippe, scrappe, dekorer, restaurere osv. Da jeg blev mor for godt 18 [&hellip;]<\/p>\n","protected":false},"author":1,"featured_media":0,"parent":0,"menu_order":0,"comment_status":"closed","ping_status":"closed","template":"","meta":{"ocean_post_layout":"full-width","ocean_both_sidebars_style":"","ocean_both_sidebars_content_width":0,"ocean_both_sidebars_sidebars_width":0,"ocean_sidebar":"","ocean_second_sidebar":"","ocean_disable_margins":"enable","ocean_add_body_class":"","ocean_shortcode_before_top_bar":"","ocean_shortcode_after_top_bar":"","ocean_shortcode_before_header":"","ocean_shortcode_after_header":"","ocean_has_shortcode":"","ocean_shortcode_after_title":"","ocean_shortcode_before_footer_widgets":"","ocean_shortcode_after_footer_widgets":"","ocean_shortcode_before_footer_bottom":"","ocean_shortcode_after_footer_bottom":"","ocean_display_top_bar":"default","ocean_display_header":"default","ocean_header_style":"","ocean_center_header_left_menu":"","ocean_custom_header_template":"","ocean_custom_logo":0,"ocean_custom_retina_logo":0,"ocean_custom_logo_max_width":0,"ocean_custom_logo_tablet_max_width":0,"ocean_custom_logo_mobile_max_width":0,"ocean_custom_logo_max_height":0,"ocean_custom_logo_tablet_max_height":0,"ocean_custom_logo_mobile_max_height":0,"ocean_header_custom_menu":"","ocean_menu_typo_font_family":"","ocean_menu_typo_font_subset":"","ocean_menu_typo_font_size":0,"ocean_menu_typo_font_size_tablet":0,"ocean_menu_typo_font_size_mobile":0,"ocean_menu_typo_font_size_unit":"px","ocean_menu_typo_font_weight":"","ocean_menu_typo_font_weight_tablet":"","ocean_menu_typo_font_weight_mobile":"","ocean_menu_typo_transform":"","ocean_menu_typo_transform_tablet":"","ocean_menu_typo_transform_mobile":"","ocean_menu_typo_line_height":0,"ocean_menu_typo_line_height_tablet":0,"ocean_menu_typo_line_height_mobile":0,"ocean_menu_typo_line_height_unit":"","ocean_menu_typo_spacing":0,"ocean_menu_typo_spacing_tablet":0,"ocean_menu_typo_spacing_mobile":0,"ocean_menu_typo_spacing_unit":"","ocean_menu_link_color":"","ocean_menu_link_color_hover":"","ocean_menu_link_color_active":"","ocean_menu_link_background":"","ocean_menu_link_hover_background":"","ocean_menu_link_active_background":"","ocean_menu_social_links_bg":"","ocean_menu_social_hover_links_bg":"","ocean_menu_social_links_color":"","ocean_menu_social_hover_links_color":"","ocean_disable_title":"on","ocean_disable_heading":"default","ocean_post_title":"","ocean_post_subheading":"","ocean_post_title_style":"","ocean_post_title_background_color":"","ocean_post_title_background":0,"ocean_post_title_bg_image_position":"","ocean_post_title_bg_image_attachment":"","ocean_post_title_bg_image_repeat":"","ocean_post_title_bg_image_size":"","ocean_post_title_height":0,"ocean_post_title_bg_overlay":0.5,"ocean_post_title_bg_overlay_color":"","ocean_disable_breadcrumbs":"default","ocean_breadcrumbs_color":"","ocean_breadcrumbs_separator_color":"","ocean_breadcrumbs_links_color":"","ocean_breadcrumbs_links_hover_color":"","ocean_display_footer_widgets":"default","ocean_display_footer_bottom":"default","ocean_custom_footer_template":"","footnotes":""},"class_list":["post-406","page","type-page","status-publish","hentry","entry"],"_links":{"self":[{"href":"https:\/\/minkreativefamilie.dk\/index.php?rest_route=\/wp\/v2\/pages\/406","targetHints":{"allow":["GET"]}}],"collection":[{"href":"https:\/\/minkreativefamilie.dk\/index.php?rest_route=\/wp\/v2\/pages"}],"about":[{"href":"https:\/\/minkreativefamilie.dk\/index.php?rest_route=\/wp\/v2\/types\/page"}],"author":[{"embeddable":true,"href":"https:\/\/minkreativefamilie.dk\/index.php?rest_route=\/wp\/v2\/users\/1"}],"replies":[{"embeddable":true,"href":"https:\/\/minkreativefamilie.dk\/index.php?rest_route=%2Fwp%2Fv2%2Fcomments&post=406"}],"version-history":[{"count":4,"href":"https:\/\/minkreativefamilie.dk\/index.php?rest_route=\/wp\/v2\/pages\/406\/revisions"}],"predecessor-version":[{"id":1132,"href":"https:\/\/minkreativefamilie.dk\/index.php?rest_route=\/wp\/v2\/pages\/406\/revisions\/1132"}],"wp:attachment":[{"href":"https:\/\/minkreativefamilie.dk\/index.php?rest_route=%2Fwp%2Fv2%2Fmedia&parent=406"}],"curies":[{"name":"wp","href":"https:\/\/api.w.org\/{rel}","templated":true}]}}